{"id":13,"date":"2024-11-14T15:30:16","date_gmt":"2024-11-14T15:30:16","guid":{"rendered":"https:\/\/icmrm.physik.uni-wuerzburg.de\/?page_id=13"},"modified":"2025-01-16T17:15:42","modified_gmt":"2025-01-16T16:15:42","slug":"venue","status":"publish","type":"page","link":"https:\/\/icmrm.physik.uni-wuerzburg.de\/venue\/","title":{"rendered":"Venue"},"content":{"rendered":"\n<p>The conference will take place in the central lecture hall at the Campus Hubland South of the University of W\u00fcrzburg.<\/p>\n\n\n\n<figure class=\"wp-block-image size-large\"><a href=\"https:\/\/icmrm.physik.uni-wuerzburg.de\/wp-content\/uploads\/2024\/11\/Z6_Drone.jpg\" target=\"_blank\" rel=\" noreferrer noopener\"><img loading=\"lazy\" decoding=\"async\" width=\"1024\" height=\"682\" src=\"https:\/\/icmrm.physik.uni-wuerzburg.de\/wp-content\/uploads\/2024\/11\/Z6_Drone-1024x682.jpg\" alt=\"Central lecture hall, drone view\" class=\"wp-image-307\" srcset=\"https:\/\/icmrm.physik.uni-wuerzburg.de\/wp-content\/uploads\/2024\/11\/Z6_Drone-1024x682.jpg 1024w, https:\/\/icmrm.physik.uni-wuerzburg.de\/wp-content\/uploads\/2024\/11\/Z6_Drone-300x200.jpg 300w, https:\/\/icmrm.physik.uni-wuerzburg.de\/wp-content\/uploads\/2024\/11\/Z6_Drone-768x512.jpg 768w, https:\/\/icmrm.physik.uni-wuerzburg.de\/wp-content\/uploads\/2024\/11\/Z6_Drone-1536x1023.jpg 1536w, https:\/\/icmrm.physik.uni-wuerzburg.de\/wp-content\/uploads\/2024\/11\/Z6_Drone.jpg 1920w\" sizes=\"auto, (max-width: 1024px) 100vw, 1024px\" \/><\/a><\/figure>\n\n\n\n<div class=\"wp-block-columns is-not-stacked-on-mobile is-layout-flex wp-container-core-columns-is-layout-9d6595d7 wp-block-columns-is-layout-flex\">\n<div class=\"wp-block-column is-layout-flow wp-block-column-is-layout-flow\" style=\"flex-basis:25%\">\n<p><strong>Address:<\/strong><\/p>\n<\/div>\n\n\n\n<div class=\"wp-block-column is-layout-flow wp-block-column-is-layout-flow\" style=\"flex-basis:75%\">\n<p>University of W\u00fcrzburg<br>Central lecture hall &#8211; building Z6<br>Campus Hubland South<br>Am Hubland<br>97074 W\u00fcrzburg<br>GERMANY<\/p>\n<\/div>\n<\/div>\n\n\n\n<div class=\"wp-block-columns is-not-stacked-on-mobile is-layout-flex wp-container-core-columns-is-layout-9d6595d7 wp-block-columns-is-layout-flex\">\n<div class=\"wp-block-column is-layout-flow wp-block-column-is-layout-flow\" style=\"flex-basis:25%\">\n<p><strong>Map:<\/strong><\/p>\n<\/div>\n\n\n\n<div class=\"wp-block-column is-layout-flow wp-block-column-is-layout-flow\" style=\"flex-basis:75%\">\n<p><a href=\"https:\/\/www.openstreetmap.org\/?mlat=49.784108&amp;mlon=9.968950#map=17\/49.784108\/9.968950\" target=\"_blank\" rel=\"noreferrer noopener\">Click here for larger map.<\/a><\/p>\n<\/div>\n<\/div>\n\n\n\n<iframe loading=\"lazy\" width=\"474\" height=\"350\" src=\"https:\/\/www.openstreetmap.org\/export\/embed.html?bbox=9.967048466205599%2C49.78330768333951%2C9.970859885215761%2C49.78491308095145&amp;layer=mapnik&amp;marker=49.784110388795405%2C9.968954175710678\" style=\"border: 0px solid black\"><\/iframe>\n\n\n\n<div class=\"wp-block-columns is-not-stacked-on-mobile is-layout-flex wp-container-core-columns-is-layout-9d6595d7 wp-block-columns-is-layout-flex\">\n<div class=\"wp-block-column is-vertically-aligned-center is-layout-flow wp-block-column-is-layout-flow\" style=\"flex-basis:33.33%\">\n<p>Front view of the central lecture hall.<\/p>\n<\/div>\n\n\n\n<div class=\"wp-block-column is-layout-flow wp-block-column-is-layout-flow\" style=\"flex-basis:66.66%\">\n<figure class=\"wp-block-image size-large\"><a href=\"https:\/\/icmrm.physik.uni-wuerzburg.de\/wp-content\/uploads\/2024\/11\/Z6_Outside.jpg\" target=\"_blank\" rel=\" noreferrer noopener\"><img loading=\"lazy\" decoding=\"async\" width=\"1024\" height=\"680\" src=\"https:\/\/icmrm.physik.uni-wuerzburg.de\/wp-content\/uploads\/2024\/11\/Z6_Outside-1024x680.jpg\" alt=\"Central lecture hall, front view\" class=\"wp-image-308\" srcset=\"https:\/\/icmrm.physik.uni-wuerzburg.de\/wp-content\/uploads\/2024\/11\/Z6_Outside-1024x680.jpg 1024w, https:\/\/icmrm.physik.uni-wuerzburg.de\/wp-content\/uploads\/2024\/11\/Z6_Outside-300x199.jpg 300w, https:\/\/icmrm.physik.uni-wuerzburg.de\/wp-content\/uploads\/2024\/11\/Z6_Outside-768x510.jpg 768w, https:\/\/icmrm.physik.uni-wuerzburg.de\/wp-content\/uploads\/2024\/11\/Z6_Outside-1536x1020.jpg 1536w, https:\/\/icmrm.physik.uni-wuerzburg.de\/wp-content\/uploads\/2024\/11\/Z6_Outside.jpg 1920w\" sizes=\"auto, (max-width: 1024px) 100vw, 1024px\" \/><\/a><\/figure>\n<\/div>\n<\/div>\n\n\n\n<div class=\"wp-block-columns is-not-stacked-on-mobile is-layout-flex wp-container-core-columns-is-layout-9d6595d7 wp-block-columns-is-layout-flex\">\n<div class=\"wp-block-column is-layout-flow wp-block-column-is-layout-flow\" style=\"flex-basis:66.66%\">\n<figure class=\"wp-block-image size-large\"><a href=\"https:\/\/icmrm.physik.uni-wuerzburg.de\/wp-content\/uploads\/2024\/11\/Z6_inside.jpg\" target=\"_blank\" rel=\" noreferrer noopener\"><img loading=\"lazy\" decoding=\"async\" width=\"1024\" height=\"680\" src=\"https:\/\/icmrm.physik.uni-wuerzburg.de\/wp-content\/uploads\/2024\/11\/Z6_inside-1024x680.jpg\" alt=\"Central lecture hall, inside view\" class=\"wp-image-309\" srcset=\"https:\/\/icmrm.physik.uni-wuerzburg.de\/wp-content\/uploads\/2024\/11\/Z6_inside-1024x680.jpg 1024w, https:\/\/icmrm.physik.uni-wuerzburg.de\/wp-content\/uploads\/2024\/11\/Z6_inside-300x199.jpg 300w, https:\/\/icmrm.physik.uni-wuerzburg.de\/wp-content\/uploads\/2024\/11\/Z6_inside-768x510.jpg 768w, https:\/\/icmrm.physik.uni-wuerzburg.de\/wp-content\/uploads\/2024\/11\/Z6_inside-1536x1020.jpg 1536w, https:\/\/icmrm.physik.uni-wuerzburg.de\/wp-content\/uploads\/2024\/11\/Z6_inside.jpg 1920w\" sizes=\"auto, (max-width: 1024px) 100vw, 1024px\" \/><\/a><\/figure>\n<\/div>\n\n\n\n<div class=\"wp-block-column is-vertically-aligned-center is-layout-flow wp-block-column-is-layout-flow\" style=\"flex-basis:33.33%\">\n<p>Inside view of the central lecture hall.<\/p>\n<\/div>\n<\/div>\n\n\n\n<p><\/p>\n","protected":false},"excerpt":{"rendered":"<p>The conference will take place in the central lecture hall at the Campus Hubland South of the University of W\u00fcrzburg. Address: University of W\u00fcrzburgCentral lecture hall &#8211; building Z6Campus Hubland SouthAm Hubland97074 W\u00fcrzburgGERMANY Map: Click here for larger map. Front view of the central lecture hall. Inside view of the central lecture hall.<\/p>\n","protected":false},"author":1,"featured_media":0,"parent":0,"menu_order":0,"comment_status":"closed","ping_status":"closed","template":"","meta":{"footnotes":""},"class_list":["post-13","page","type-page","status-publish","hentry"],"_links":{"self":[{"href":"https:\/\/icmrm.physik.uni-wuerzburg.de\/wp-json\/wp\/v2\/pages\/13","targetHints":{"allow":["GET"]}}],"collection":[{"href":"https:\/\/icmrm.physik.uni-wuerzburg.de\/wp-json\/wp\/v2\/pages"}],"about":[{"href":"https:\/\/icmrm.physik.uni-wuerzburg.de\/wp-json\/wp\/v2\/types\/page"}],"author":[{"embeddable":true,"href":"https:\/\/icmrm.physik.uni-wuerzburg.de\/wp-json\/wp\/v2\/users\/1"}],"replies":[{"embeddable":true,"href":"https:\/\/icmrm.physik.uni-wuerzburg.de\/wp-json\/wp\/v2\/comments?post=13"}],"version-history":[{"count":39,"href":"https:\/\/icmrm.physik.uni-wuerzburg.de\/wp-json\/wp\/v2\/pages\/13\/revisions"}],"predecessor-version":[{"id":512,"href":"https:\/\/icmrm.physik.uni-wuerzburg.de\/wp-json\/wp\/v2\/pages\/13\/revisions\/512"}],"wp:attachment":[{"href":"https:\/\/icmrm.physik.uni-wuerzburg.de\/wp-json\/wp\/v2\/media?parent=13"}],"curies":[{"name":"wp","href":"https:\/\/api.w.org\/{rel}","templated":true}]}}